{"id":621,"date":"2024-04-26T19:28:00","date_gmt":"2024-04-26T19:28:00","guid":{"rendered":"https:\/\/edrs.pl\/?page_id=621"},"modified":"2024-07-16T07:26:22","modified_gmt":"2024-07-16T07:26:22","slug":"elektromonter-region-polska","status":"publish","type":"page","link":"https:\/\/edrs.pl\/?page_id=621","title":{"rendered":"Elektromonter \u2013 region Polska"},"content":{"rendered":"\t\t<div data-elementor-type=\"wp-page\" data-elementor-id=\"621\" class=\"elementor elementor-621\" data-elementor-post-type=\"page\">\n\t\t\t\t\t\t<section class=\"elementor-section elementor-top-section elementor-element elementor-element-f4f66d3 elementor-section-boxed elementor-section-height-default elementor-section-height-default\" data-id=\"f4f66d3\" data-element_type=\"section\" data-settings=\"{&quot;background_background&quot;:&quot;classic&quot;}\">\n\t\t\t\t\t\t\t<div class=\"elementor-background-overlay\"><\/div>\n\t\t\t\t\t\t\t<div class=\"elementor-container elementor-column-gap-default\">\n\t\t\t\t\t<div class=\"elementor-column elementor-col-100 elementor-top-column elementor-element elementor-element-1ebedda8\" data-id=\"1ebedda8\" data-element_type=\"column\">\n\t\t\t<div class=\"elementor-widget-wrap elementor-element-populated\">\n\t\t\t\t\t\t<div class=\"elementor-element elementor-element-555035d5 elementor-widget elementor-widget-heading\" data-id=\"555035d5\" data-element_type=\"widget\" data-widget_type=\"heading.default\">\n\t\t\t\t<div class=\"elementor-widget-container\">\n\t\t\t<h2 class=\"elementor-heading-title elementor-size-default\">Elektromonter \u2013 region Polska<\/h2>\t\t<\/div>\n\t\t\t\t<\/div>\n\t\t\t\t<div class=\"elementor-element elementor-element-7e6dc4d elementor-icon-list--layout-inline elementor-align-center elementor-list-item-link-full_width elementor-widget elementor-widget-icon-list\" data-id=\"7e6dc4d\" data-element_type=\"widget\" data-widget_type=\"icon-list.default\">\n\t\t\t\t<div class=\"elementor-widget-container\">\n\t\t\t\t\t<ul class=\"elementor-icon-list-items elementor-inline-items\">\n\t\t\t\t\t\t\t<li class=\"elementor-icon-list-item elementor-inline-item\">\n\t\t\t\t\t\t\t\t\t\t\t<a href=\"https:\/\/edrs.pl\/\">\n\n\t\t\t\t\t\t\t\t\t\t\t<span class=\"elementor-icon-list-text\">Strona G\u0142\u00f3wna<\/span>\n\t\t\t\t\t\t\t\t\t\t\t<\/a>\n\t\t\t\t\t\t\t\t\t<\/li>\n\t\t\t\t\t\t\t\t<li class=\"elementor-icon-list-item elementor-inline-item\">\n\t\t\t\t\t\t\t\t\t\t\t<a href=\"https:\/\/edrs.pl\/?page_id=621\">\n\n\t\t\t\t\t\t\t\t\t\t\t\t<span class=\"elementor-icon-list-icon\">\n\t\t\t\t\t\t\t<svg aria-hidden=\"true\" class=\"e-font-icon-svg e-fas-chevron-right\" viewBox=\"0 0 320 512\" xmlns=\"http:\/\/www.w3.org\/2000\/svg\"><path d=\"M285.476 272.971L91.132 467.314c-9.373 9.373-24.569 9.373-33.941 0l-22.667-22.667c-9.357-9.357-9.375-24.522-.04-33.901L188.505 256 34.484 101.255c-9.335-9.379-9.317-24.544.04-33.901l22.667-22.667c9.373-9.373 24.569-9.373 33.941 0L285.475 239.03c9.373 9.372 9.373 24.568.001 33.941z\"><\/path><\/svg>\t\t\t\t\t\t<\/span>\n\t\t\t\t\t\t\t\t\t\t<span class=\"elementor-icon-list-text\">Elektromonter \u2013 region Polska<\/span>\n\t\t\t\t\t\t\t\t\t\t\t<\/a>\n\t\t\t\t\t\t\t\t\t<\/li>\n\t\t\t\t\t\t<\/ul>\n\t\t\t\t<\/div>\n\t\t\t\t<\/div>\n\t\t\t\t\t<\/div>\n\t\t<\/div>\n\t\t\t\t\t<\/div>\n\t\t<\/section>\n\t\t\t\t<section class=\"elementor-section elementor-top-section elementor-element elementor-element-40d55583 elementor-reverse-tablet elementor-reverse-mobile elementor-section-boxed elementor-section-height-default elementor-section-height-default\" data-id=\"40d55583\" data-element_type=\"section\">\n\t\t\t\t\t\t<div class=\"elementor-container elementor-column-gap-default\">\n\t\t\t\t\t<div class=\"elementor-column elementor-col-50 elementor-top-column elementor-element elementor-element-2eba3e50\" data-id=\"2eba3e50\" data-element_type=\"column\">\n\t\t\t<div class=\"elementor-widget-wrap elementor-element-populated\">\n\t\t\t\t\t\t<div class=\"elementor-element elementor-element-7002af76 elementor-widget elementor-widget-heading\" data-id=\"7002af76\" data-element_type=\"widget\" data-widget_type=\"heading.default\">\n\t\t\t\t<div class=\"elementor-widget-container\">\n\t\t\t<h2 class=\"elementor-heading-title elementor-size-default\">Elektromonter \u2013 region Polska\n<\/h2>\t\t<\/div>\n\t\t\t\t<\/div>\n\t\t\t\t<div class=\"elementor-element elementor-element-26591388 elementor-widget elementor-widget-text-editor\" data-id=\"26591388\" data-element_type=\"widget\" data-widget_type=\"text-editor.default\">\n\t\t\t\t<div class=\"elementor-widget-container\">\n\t\t\t\t\t\t\t<p>Firma EDR System Sp. z o.o. \u015bwiadcz\u0105ca kompleksowe us\u0142ugi w zakresie wykonywania nowych<br \/>instalacji elektrycznych jak r\u00f3wnie\u017c modernizacji istniej\u0105cych dla przemys\u0142u maszynowego<br \/>poszukuje pracownika na stanowisko: <strong>Elektromonter &#8211; obszar pracy: Polska<\/strong><\/p>\t\t\t\t\t\t<\/div>\n\t\t\t\t<\/div>\n\t\t\t\t<div class=\"elementor-element elementor-element-575160e elementor-widget elementor-widget-text-editor\" data-id=\"575160e\" data-element_type=\"widget\" data-widget_type=\"text-editor.default\">\n\t\t\t\t<div class=\"elementor-widget-container\">\n\t\t\t\t\t\t\t<p><strong>A. Umowa (dwa mo\u017cliwe warianty do wyboru)<\/strong><\/p>\n<ol>\n<li>Umowa o prac\u0119\n<ul>\n<li>Pierwsze 3 miesi\u0105ce &#8211; umowa na okres pr\u00f3bny<\/li>\n<li>Po 3 miesi\u0105cach &#8211; umowa na czas nieokre\u015blony.\n<\/li>\n<\/ul>\n<\/li>\n<li>B2B czyli jednoosobowa dzia\u0142alno\u015b\u0107 gospodarcza\n<ul>\n<li>Pomagamy w otwarciu dzia\u0142alno\u015bci i pokrywamy koszty obs\u0142ugi ksi\u0119gowej<\/li>\n<\/ul>\n<\/li>\n<\/ol>\n<p><strong><br>B. Wymagania<\/strong><\/p>\n<ul>\n<li>wykszta\u0142cenie techniczne lub zawodowe: elektryk, elektrotechnik lub pokrewne lub do\u015bwiadczenie w zawodzie elektryka,<\/li>\n<li>aktualne uprawnienia SEP,<\/li>\n<li>niekaralno\u015b\u0107,<\/li>\n<li>brak przeciwwskaza\u0144 do pracy na wysoko\u015bci (powy\u017cej 3m),<\/li>\n<li>umiej\u0119tno\u015b\u0107 samodzielnego pos\u0142ugiwania si\u0119 dokumentacj\u0105 elektryczn\u0105,<\/li>\n<li>dobra organizacja pracy, dok\u0142adno\u015b\u0107, samodzielno\u015b\u0107,<\/li>\n<li>dba\u0142o\u015b\u0107 o jako\u015b\u0107 wykonania pracy oraz powierzone mienie,<\/li>\n<li>prawo jazdy kat. B.<\/li>\n<\/ul>\n<p><strong>C. Zakres obowi\u0105zk\u00f3w<\/strong><\/p>\n<ul>\n<li>okablowywanie instalacji elektrycznych i monta\u017c tras kablowych ,<\/li>\n<li>pod\u0142\u0105czanie szaf sterowniczych oraz paneli kontrolnych,<\/li>\n<li>pod\u0142\u0105czanie instalacji elektrycznych (silniki, czujniki, AKPiA itp.) do szaf rozdzielni.<\/li>\n<\/ul>\n<p><strong>D. Warunki pracy<\/strong><\/p>\n<ol>\n<li>Praca w Polsce\n<ul>\n<li>Praca ci\u0105g\u0142a w kraju\n<\/li>\n<\/ul>\n<\/li>\n<li>Prace 10-12 godzin dziennie od PN do SO (niedziela wolna)\n<\/li>\n<li>Mo\u017cliwo\u015b\u0107 p\u0142acy:\n<ul>\n<li>Wg stawek na godzin\u0119<\/li>\n<li>Wg miesi\u0119cznej wyp\u0142aty\n<\/li>\n<\/ul>\n<\/li>\n<li>Ubezpieczenie podr\u00f3\u017cne\n<\/li>\n<li>Wszelkie konieczne narz\u0119dzia pracy<\/li>\n<\/ol>\t\t\t\t\t\t<\/div>\n\t\t\t\t<\/div>\n\t\t\t\t<div class=\"elementor-element elementor-element-e27edf3 elementor-widget-divider--view-line elementor-widget elementor-widget-divider\" data-id=\"e27edf3\" data-element_type=\"widget\" data-widget_type=\"divider.default\">\n\t\t\t\t<div class=\"elementor-widget-container\">\n\t\t\t\t\t<div class=\"elementor-divider\">\n\t\t\t<span class=\"elementor-divider-separator\">\n\t\t\t\t\t\t<\/span>\n\t\t<\/div>\n\t\t\t\t<\/div>\n\t\t\t\t<\/div>\n\t\t\t\t\t<\/div>\n\t\t<\/div>\n\t\t\t\t<div class=\"elementor-column elementor-col-50 elementor-top-column elementor-element elementor-element-b950d24\" data-id=\"b950d24\" data-element_type=\"column\">\n\t\t\t<div class=\"elementor-widget-wrap elementor-element-populated\">\n\t\t\t\t\t\t<section class=\"elementor-section elementor-inner-section elementor-element elementor-element-348d5c5 elementor-section-boxed elementor-section-height-default elementor-section-height-default\" data-id=\"348d5c5\" data-element_type=\"section\" data-settings=\"{&quot;background_background&quot;:&quot;classic&quot;}\">\n\t\t\t\t\t\t<div class=\"elementor-container elementor-column-gap-default\">\n\t\t\t\t\t<div class=\"elementor-column elementor-col-100 elementor-inner-column elementor-element elementor-element-4f54f45\" data-id=\"4f54f45\" data-element_type=\"column\">\n\t\t\t<div class=\"elementor-widget-wrap elementor-element-populated\">\n\t\t\t\t\t\t<div class=\"elementor-element elementor-element-5473045 elementor-widget elementor-widget-heading\" data-id=\"5473045\" data-element_type=\"widget\" data-widget_type=\"heading.default\">\n\t\t\t\t<div class=\"elementor-widget-container\">\n\t\t\t<h3 class=\"elementor-heading-title elementor-size-default\">Wszystkie nasze pozosta\u0142e oferty<\/h3>\t\t<\/div>\n\t\t\t\t<\/div>\n\t\t\t\t<div class=\"elementor-element elementor-element-05bc032 elementor-align-left elementor-icon-list--layout-traditional elementor-list-item-link-full_width elementor-widget elementor-widget-icon-list\" data-id=\"05bc032\" data-element_type=\"widget\" data-widget_type=\"icon-list.default\">\n\t\t\t\t<div class=\"elementor-widget-container\">\n\t\t\t\t\t<ul class=\"elementor-icon-list-items\">\n\t\t\t\t\t\t\t<li class=\"elementor-icon-list-item\">\n\t\t\t\t\t\t\t\t\t\t\t<a href=\"https:\/\/edrs.pl\/?page_id=621\">\n\n\t\t\t\t\t\t\t\t\t\t\t\t<span class=\"elementor-icon-list-icon\">\n\t\t\t\t\t\t\t<i aria-hidden=\"true\" class=\"jki jki-check-light\"><\/i>\t\t\t\t\t\t<\/span>\n\t\t\t\t\t\t\t\t\t\t<span class=\"elementor-icon-list-text\">Elektromonter \u2013 region Polska<\/span>\n\t\t\t\t\t\t\t\t\t\t\t<\/a>\n\t\t\t\t\t\t\t\t\t<\/li>\n\t\t\t\t\t\t\t\t<li class=\"elementor-icon-list-item\">\n\t\t\t\t\t\t\t\t\t\t\t<a href=\"https:\/\/edrs.pl\/?page_id=629\">\n\n\t\t\t\t\t\t\t\t\t\t\t\t<span class=\"elementor-icon-list-icon\">\n\t\t\t\t\t\t\t<i aria-hidden=\"true\" class=\"jki jki-check-light\"><\/i>\t\t\t\t\t\t<\/span>\n\t\t\t\t\t\t\t\t\t\t<span class=\"elementor-icon-list-text\">Elektromonter \u2013 region Niemcy<\/span>\n\t\t\t\t\t\t\t\t\t\t\t<\/a>\n\t\t\t\t\t\t\t\t\t<\/li>\n\t\t\t\t\t\t\t\t<li class=\"elementor-icon-list-item\">\n\t\t\t\t\t\t\t\t\t\t\t<a href=\"https:\/\/edrs.pl\/?page_id=634\">\n\n\t\t\t\t\t\t\t\t\t\t\t\t<span class=\"elementor-icon-list-icon\">\n\t\t\t\t\t\t\t<i aria-hidden=\"true\" class=\"jki jki-check-light\"><\/i>\t\t\t\t\t\t<\/span>\n\t\t\t\t\t\t\t\t\t\t<span class=\"elementor-icon-list-text\">Brygadzista \u2013 region Niemcy<\/span>\n\t\t\t\t\t\t\t\t\t\t\t<\/a>\n\t\t\t\t\t\t\t\t\t<\/li>\n\t\t\t\t\t\t<\/ul>\n\t\t\t\t<\/div>\n\t\t\t\t<\/div>\n\t\t\t\t\t<\/div>\n\t\t<\/div>\n\t\t\t\t\t<\/div>\n\t\t<\/section>\n\t\t\t\t<section class=\"elementor-section elementor-inner-section elementor-element elementor-element-1626b97 elementor-section-boxed elementor-section-height-default elementor-section-height-default\" data-id=\"1626b97\" data-element_type=\"section\">\n\t\t\t\t\t\t<div class=\"elementor-container elementor-column-gap-default\">\n\t\t\t\t\t<div class=\"elementor-column elementor-col-100 elementor-inner-column elementor-element elementor-element-4eda71d\" data-id=\"4eda71d\" data-element_type=\"column\" data-settings=\"{&quot;background_background&quot;:&quot;classic&quot;}\">\n\t\t\t<div class=\"elementor-widget-wrap elementor-element-populated\">\n\t\t\t\t\t<div class=\"elementor-background-overlay\"><\/div>\n\t\t\t\t\t\t<div class=\"elementor-element elementor-element-fe326f4 elementor-widget elementor-widget-heading\" data-id=\"fe326f4\" data-element_type=\"widget\" data-widget_type=\"heading.default\">\n\t\t\t\t<div class=\"elementor-widget-container\">\n\t\t\t<h2 class=\"elementor-heading-title elementor-size-default\">Zapraszamy do kontaktu<\/h2>\t\t<\/div>\n\t\t\t\t<\/div>\n\t\t\t\t<div class=\"elementor-element elementor-element-69b793b elementor-widget elementor-widget-text-editor\" data-id=\"69b793b\" data-element_type=\"widget\" data-widget_type=\"text-editor.default\">\n\t\t\t\t<div class=\"elementor-widget-container\">\n\t\t\t\t\t\t\t<p>Je\u017celi masz jakie\u015b w\u0105tpliwo\u015bci lub chcesz dowiedzie\u0107 si\u0119 wi\u0119cej na temat oferty pracy skontaktuj si\u0119 z nami!<\/p>\t\t\t\t\t\t<\/div>\n\t\t\t\t<\/div>\n\t\t\t\t<div class=\"elementor-element elementor-element-bc9bd25 jkit-equal-height-disable elementor-widget elementor-widget-jkit_icon_box\" data-id=\"bc9bd25\" data-element_type=\"widget\" data-widget_type=\"jkit_icon_box.default\">\n\t\t\t\t<div class=\"elementor-widget-container\">\n\t\t\t<div  class=\"jeg-elementor-kit jkit-icon-box icon-position-left elementor-animation- jeg_module___69fb1bd859d82\" ><a href=\"tel:+48516089070\" class=\"icon-box-link\" aria-label=\"Read More\"><div class=\"jkit-icon-box-wrapper hover-from-left\"><div class=\"icon-box icon-box-header elementor-animation-\"><div class=\"icon style-color\"><i aria-hidden=\"true\" class=\"jki jki-phone-call2-light\"><\/i><\/div><\/div><div class=\"icon-box icon-box-body\">\n                <h3 class=\"title\">Numer Telefonu<\/h3><p class=\"icon-box-description\">+48 516 089 070<\/p>\n            <\/div>\n            \n            <\/div><\/a><\/div>\t\t<\/div>\n\t\t\t\t<\/div>\n\t\t\t\t<div class=\"elementor-element elementor-element-f3db014 jkit-equal-height-disable elementor-widget elementor-widget-global elementor-global-704 elementor-widget-jkit_icon_box\" data-id=\"f3db014\" data-element_type=\"widget\" data-widget_type=\"jkit_icon_box.default\">\n\t\t\t\t<div class=\"elementor-widget-container\">\n\t\t\t<div  class=\"jeg-elementor-kit jkit-icon-box icon-position-left elementor-animation- jeg_module__1_69fb1bd85b1c9\" ><a href=\"mailto:rekrutacja@edrs.pl\" class=\"icon-box-link\" aria-label=\"Read More\"><div class=\"jkit-icon-box-wrapper hover-from-left\"><div class=\"icon-box icon-box-header elementor-animation-\"><div class=\"icon style-color\"><i aria-hidden=\"true\" class=\"jki jki-email-light\"><\/i><\/div><\/div><div class=\"icon-box icon-box-body\">\n                <h3 class=\"title\">Adres Email<\/h3><p class=\"icon-box-description\">rekrutacja@edrs.pl<\/p>\n            <\/div>\n            \n            <\/div><\/a><\/div>\t\t<\/div>\n\t\t\t\t<\/div>\n\t\t\t\t\t<\/div>\n\t\t<\/div>\n\t\t\t\t\t<\/div>\n\t\t<\/section>\n\t\t\t\t\t<\/div>\n\t\t<\/div>\n\t\t\t\t\t<\/div>\n\t\t<\/section>\n\t\t\t\t<\/div>\n\t\t","protected":false},"excerpt":{"rendered":"<p>Elektromonter \u2013 region Polska Strona G\u0142\u00f3wna Elektromonter \u2013 region Polska Elektromonter \u2013 region Polska Firma EDR System Sp. z o.o. \u015bwiadcz\u0105ca kompleksowe us\u0142ugi w zakresie wykonywania nowychinstalacji elektrycznych jak r\u00f3wnie\u017c modernizacji istniej\u0105cych dla przemys\u0142u maszynowegoposzukuje pracownika na stanowisko: Elektromonter &#8211; obszar pracy: Polska A. Umowa (dwa mo\u017cliwe warianty do wyboru) Umowa o prac\u0119 Pierwsze 3 [&hellip;]<\/p>\n","protected":false},"author":2,"featured_media":0,"parent":0,"menu_order":0,"comment_status":"closed","ping_status":"closed","template":"","meta":{"footnotes":""},"class_list":["post-621","page","type-page","status-publish","hentry"],"_links":{"self":[{"href":"https:\/\/edrs.pl\/index.php?rest_route=\/wp\/v2\/pages\/621"}],"collection":[{"href":"https:\/\/edrs.pl\/index.php?rest_route=\/wp\/v2\/pages"}],"about":[{"href":"https:\/\/edrs.pl\/index.php?rest_route=\/wp\/v2\/types\/page"}],"author":[{"embeddable":true,"href":"https:\/\/edrs.pl\/index.php?rest_route=\/wp\/v2\/users\/2"}],"replies":[{"embeddable":true,"href":"https:\/\/edrs.pl\/index.php?rest_route=%2Fwp%2Fv2%2Fcomments&post=621"}],"version-history":[{"count":19,"href":"https:\/\/edrs.pl\/index.php?rest_route=\/wp\/v2\/pages\/621\/revisions"}],"predecessor-version":[{"id":858,"href":"https:\/\/edrs.pl\/index.php?rest_route=\/wp\/v2\/pages\/621\/revisions\/858"}],"wp:attachment":[{"href":"https:\/\/edrs.pl\/index.php?rest_route=%2Fwp%2Fv2%2Fmedia&parent=621"}],"curies":[{"name":"wp","href":"https:\/\/api.w.org\/{rel}","templated":true}]}}