{"id":110,"date":"2024-04-19T17:27:44","date_gmt":"2024-04-19T17:27:44","guid":{"rendered":"https:\/\/edrs.pl\/?page_id=110"},"modified":"2024-07-01T17:13:17","modified_gmt":"2024-07-01T17:13:17","slug":"o-nas","status":"publish","type":"page","link":"https:\/\/edrs.pl\/?page_id=110","title":{"rendered":"O nas"},"content":{"rendered":"\t\t<div data-elementor-type=\"wp-page\" data-elementor-id=\"110\" class=\"elementor elementor-110\" data-elementor-post-type=\"page\">\n\t\t\t\t\t\t<section class=\"elementor-section elementor-top-section elementor-element elementor-element-3a246a12 elementor-section-boxed elementor-section-height-default elementor-section-height-default\" data-id=\"3a246a12\" data-element_type=\"section\" data-e-type=\"section\" data-settings=\"{&quot;background_background&quot;:&quot;classic&quot;}\">\n\t\t\t\t\t\t\t<div class=\"elementor-background-overlay\"><\/div>\n\t\t\t\t\t\t\t<div class=\"elementor-container elementor-column-gap-default\">\n\t\t\t\t\t<div class=\"elementor-column elementor-col-100 elementor-top-column elementor-element elementor-element-77d7f997\" data-id=\"77d7f997\" data-element_type=\"column\" data-e-type=\"column\">\n\t\t\t<div class=\"elementor-widget-wrap elementor-element-populated\">\n\t\t\t\t\t\t<div class=\"elementor-element elementor-element-4f369115 elementor-widget elementor-widget-heading\" data-id=\"4f369115\" data-element_type=\"widget\" data-e-type=\"widget\" data-widget_type=\"heading.default\">\n\t\t\t\t<div class=\"elementor-widget-container\">\n\t\t\t\t\t<h2 class=\"elementor-heading-title elementor-size-default\">O Nas<\/h2>\t\t\t\t<\/div>\n\t\t\t\t<\/div>\n\t\t\t\t<div class=\"elementor-element elementor-element-43227f70 elementor-icon-list--layout-inline elementor-align-center elementor-list-item-link-full_width elementor-widget elementor-widget-icon-list\" data-id=\"43227f70\" data-element_type=\"widget\" data-e-type=\"widget\" data-widget_type=\"icon-list.default\">\n\t\t\t\t<div class=\"elementor-widget-container\">\n\t\t\t\t\t\t\t<ul class=\"elementor-icon-list-items elementor-inline-items\">\n\t\t\t\t\t\t\t<li class=\"elementor-icon-list-item elementor-inline-item\">\n\t\t\t\t\t\t\t\t\t\t\t<a href=\"https:\/\/edrs.pl\/\">\n\n\t\t\t\t\t\t\t\t\t\t\t<span class=\"elementor-icon-list-text\">Strona G\u0142\u00f3wna<\/span>\n\t\t\t\t\t\t\t\t\t\t\t<\/a>\n\t\t\t\t\t\t\t\t\t<\/li>\n\t\t\t\t\t\t\t\t<li class=\"elementor-icon-list-item elementor-inline-item\">\n\t\t\t\t\t\t\t\t\t\t\t<a href=\"https:\/\/edrs.pl\/?page_id=110\">\n\n\t\t\t\t\t\t\t\t\t\t\t\t<span class=\"elementor-icon-list-icon\">\n\t\t\t\t\t\t\t<svg aria-hidden=\"true\" class=\"e-font-icon-svg e-fas-chevron-right\" viewBox=\"0 0 320 512\" xmlns=\"http:\/\/www.w3.org\/2000\/svg\"><path d=\"M285.476 272.971L91.132 467.314c-9.373 9.373-24.569 9.373-33.941 0l-22.667-22.667c-9.357-9.357-9.375-24.522-.04-33.901L188.505 256 34.484 101.255c-9.335-9.379-9.317-24.544.04-33.901l22.667-22.667c9.373-9.373 24.569-9.373 33.941 0L285.475 239.03c9.373 9.372 9.373 24.568.001 33.941z\"><\/path><\/svg>\t\t\t\t\t\t<\/span>\n\t\t\t\t\t\t\t\t\t\t<span class=\"elementor-icon-list-text\">O Nas<\/span>\n\t\t\t\t\t\t\t\t\t\t\t<\/a>\n\t\t\t\t\t\t\t\t\t<\/li>\n\t\t\t\t\t\t<\/ul>\n\t\t\t\t\t\t<\/div>\n\t\t\t\t<\/div>\n\t\t\t\t\t<\/div>\n\t\t<\/div>\n\t\t\t\t\t<\/div>\n\t\t<\/section>\n\t\t\t\t<section class=\"elementor-section elementor-top-section elementor-element elementor-element-64a3d0a8 elementor-reverse-tablet elementor-reverse-mobile elementor-section-boxed elementor-section-height-default elementor-section-height-default\" data-id=\"64a3d0a8\" data-element_type=\"section\" data-e-type=\"section\">\n\t\t\t\t\t\t<div class=\"elementor-container elementor-column-gap-default\">\n\t\t\t\t\t<div class=\"elementor-column elementor-col-50 elementor-top-column elementor-element elementor-element-3e671dd8\" data-id=\"3e671dd8\" data-element_type=\"column\" data-e-type=\"column\">\n\t\t\t<div class=\"elementor-widget-wrap elementor-element-populated\">\n\t\t\t\t\t\t<div class=\"elementor-element elementor-element-574a504d elementor-widget elementor-widget-heading\" data-id=\"574a504d\" data-element_type=\"widget\" data-e-type=\"widget\" data-widget_type=\"heading.default\">\n\t\t\t\t<div class=\"elementor-widget-container\">\n\t\t\t\t\t<h2 class=\"elementor-heading-title elementor-size-default\">O EDR SYSTEM<\/h2>\t\t\t\t<\/div>\n\t\t\t\t<\/div>\n\t\t\t\t<div class=\"elementor-element elementor-element-33d11e32 elementor-widget elementor-widget-heading\" data-id=\"33d11e32\" data-element_type=\"widget\" data-e-type=\"widget\" data-widget_type=\"heading.default\">\n\t\t\t\t<div class=\"elementor-widget-container\">\n\t\t\t\t\t<h2 class=\"elementor-heading-title elementor-size-default\">Innowacyjne Rozwi\u0105zania w dziedzinie  Elektryki.<\/h2>\t\t\t\t<\/div>\n\t\t\t\t<\/div>\n\t\t\t\t<div class=\"elementor-element elementor-element-7e592abc elementor-widget elementor-widget-text-editor\" data-id=\"7e592abc\" data-element_type=\"widget\" data-e-type=\"widget\" data-widget_type=\"text-editor.default\">\n\t\t\t\t<div class=\"elementor-widget-container\">\n\t\t\t\t\t\t\t\t\t<p>Jeste\u015bmy firm\u0105 elektryczn\u0105 specjalizuj\u0105c\u0105 si\u0119 w kompleksowym wykonawstwie instalacji elektrycznych, monta\u017cu a tak\u017ce uruchamianiu system\u00f3w AKPiA.<\/p><p>Oferujemy rozwi\u0105zania \u201epod klucz&#8221;, pocz\u0105wszy od projektowania, poprzez dostawy, monta\u017c i rozruch urz\u0105dze\u0144 oraz kompletnych instalacji elektrycznych. Nasza firma \u015bwiadczy r\u00f3wnie\u017c us\u0142ugi w zakresie szkolenia i obs\u0142ugi technicznej oraz serwisu pogwarancyjnego.<\/p><p>Zapewniamy profesjonalne doradztwo techniczne, wspieraj\u0105c klient\u00f3w w opracowaniu koncepcji techniczno-ekonomicznych i dobieraniu najbardziej efektywnych rozwi\u0105za\u0144. Projekty s\u0105 realizowane przez wykwalifikowany zesp\u00f3\u0142 specjalist\u00f3w z bogatym do\u015bwiadczeniem i kwalifikacjami dostosowanymi do specyfiki danej bran\u017cy&#8221;<\/p>\t\t\t\t\t\t\t\t<\/div>\n\t\t\t\t<\/div>\n\t\t\t\t<section class=\"elementor-section elementor-inner-section elementor-element elementor-element-1a143bac elementor-section-boxed elementor-section-height-default elementor-section-height-default\" data-id=\"1a143bac\" data-element_type=\"section\" data-e-type=\"section\">\n\t\t\t\t\t\t<div class=\"elementor-container elementor-column-gap-no\">\n\t\t\t\t\t<div class=\"elementor-column elementor-col-100 elementor-inner-column elementor-element elementor-element-213fba64\" data-id=\"213fba64\" data-element_type=\"column\" data-e-type=\"column\">\n\t\t\t<div class=\"elementor-widget-wrap elementor-element-populated\">\n\t\t\t\t\t\t<div class=\"elementor-element elementor-element-70a313bb elementor-widget elementor-widget-image\" data-id=\"70a313bb\" data-element_type=\"widget\" data-e-type=\"widget\" data-widget_type=\"image.default\">\n\t\t\t\t<div class=\"elementor-widget-container\">\n\t\t\t\t\t\t\t\t\t\t\t\t\t\t\t<img fetchpriority=\"high\" decoding=\"async\" width=\"2000\" height=\"1000\" src=\"http:\/\/edrs.pl\/wp-content\/uploads\/2024\/04\/badanie-i-pomiary-elektryczne-w-instalacjach.webp\" class=\"attachment-full size-full wp-image-558\" alt=\"\" srcset=\"http:\/\/edrs.pl\/wp-content\/uploads\/2024\/04\/badanie-i-pomiary-elektryczne-w-instalacjach.webp 2000w, http:\/\/edrs.pl\/wp-content\/uploads\/2024\/04\/badanie-i-pomiary-elektryczne-w-instalacjach-300x150.webp 300w, http:\/\/edrs.pl\/wp-content\/uploads\/2024\/04\/badanie-i-pomiary-elektryczne-w-instalacjach-1024x512.webp 1024w, http:\/\/edrs.pl\/wp-content\/uploads\/2024\/04\/badanie-i-pomiary-elektryczne-w-instalacjach-768x384.webp 768w, http:\/\/edrs.pl\/wp-content\/uploads\/2024\/04\/badanie-i-pomiary-elektryczne-w-instalacjach-1536x768.webp 1536w\" sizes=\"(max-width: 2000px) 100vw, 2000px\" \/>\t\t\t\t\t\t\t\t\t\t\t\t\t\t\t<\/div>\n\t\t\t\t<\/div>\n\t\t\t\t<div class=\"elementor-element elementor-element-48bfa0e9 elementor-widget__width-auto jkit-equal-height-disable elementor-widget elementor-widget-jkit_icon_box\" data-id=\"48bfa0e9\" data-element_type=\"widget\" data-e-type=\"widget\" data-widget_type=\"jkit_icon_box.default\">\n\t\t\t\t<div class=\"elementor-widget-container\">\n\t\t\t\t\t<div  class=\"jeg-elementor-kit jkit-icon-box icon-position- elementor-animation- jeg_module___6a07fa246842d\" ><div class=\"jkit-icon-box-wrapper hover-from-left\"><div class=\"icon-box icon-box-body\">\n                <h2 class=\"title\">Badanie i pomiary elektryczne w instalacjach<\/h2>\n            <\/div>\n            \n            <\/div><\/div>\t\t\t\t<\/div>\n\t\t\t\t<\/div>\n\t\t\t\t\t<\/div>\n\t\t<\/div>\n\t\t\t\t\t<\/div>\n\t\t<\/section>\n\t\t\t\t\t<\/div>\n\t\t<\/div>\n\t\t\t\t<div class=\"elementor-column elementor-col-50 elementor-top-column elementor-element elementor-element-30960ccc\" data-id=\"30960ccc\" data-element_type=\"column\" data-e-type=\"column\">\n\t\t\t<div class=\"elementor-widget-wrap elementor-element-populated\">\n\t\t\t\t\t\t<section class=\"elementor-section elementor-inner-section elementor-element elementor-element-433189d0 elementor-section-boxed elementor-section-height-default elementor-section-height-default\" data-id=\"433189d0\" data-element_type=\"section\" data-e-type=\"section\">\n\t\t\t\t\t\t<div class=\"elementor-container elementor-column-gap-no\">\n\t\t\t\t\t<div class=\"elementor-column elementor-col-100 elementor-inner-column elementor-element elementor-element-166176f9\" data-id=\"166176f9\" data-element_type=\"column\" data-e-type=\"column\">\n\t\t\t<div class=\"elementor-widget-wrap elementor-element-populated\">\n\t\t\t\t\t\t<div class=\"elementor-element elementor-element-392c28f6 elementor-widget elementor-widget-image\" data-id=\"392c28f6\" data-element_type=\"widget\" data-e-type=\"widget\" data-widget_type=\"image.default\">\n\t\t\t\t<div class=\"elementor-widget-container\">\n\t\t\t\t\t\t\t\t\t\t\t\t\t\t\t<img decoding=\"async\" width=\"800\" height=\"400\" src=\"http:\/\/edrs.pl\/wp-content\/uploads\/2024\/04\/projektowanie-i-dostawa-tras-kablowych-1024x512.webp\" class=\"attachment-large size-large wp-image-559\" alt=\"\" srcset=\"http:\/\/edrs.pl\/wp-content\/uploads\/2024\/04\/projektowanie-i-dostawa-tras-kablowych-1024x512.webp 1024w, http:\/\/edrs.pl\/wp-content\/uploads\/2024\/04\/projektowanie-i-dostawa-tras-kablowych-300x150.webp 300w, http:\/\/edrs.pl\/wp-content\/uploads\/2024\/04\/projektowanie-i-dostawa-tras-kablowych-768x384.webp 768w, http:\/\/edrs.pl\/wp-content\/uploads\/2024\/04\/projektowanie-i-dostawa-tras-kablowych-1536x768.webp 1536w, http:\/\/edrs.pl\/wp-content\/uploads\/2024\/04\/projektowanie-i-dostawa-tras-kablowych.webp 2000w\" sizes=\"(max-width: 800px) 100vw, 800px\" \/>\t\t\t\t\t\t\t\t\t\t\t\t\t\t\t<\/div>\n\t\t\t\t<\/div>\n\t\t\t\t<div class=\"elementor-element elementor-element-67723d94 elementor-widget__width-auto jkit-equal-height-disable elementor-widget elementor-widget-jkit_icon_box\" data-id=\"67723d94\" data-element_type=\"widget\" data-e-type=\"widget\" data-widget_type=\"jkit_icon_box.default\">\n\t\t\t\t<div class=\"elementor-widget-container\">\n\t\t\t\t\t<div  class=\"jeg-elementor-kit jkit-icon-box icon-position- elementor-animation- jeg_module__1_6a07fa246915f\" ><div class=\"jkit-icon-box-wrapper hover-from-left\"><div class=\"icon-box icon-box-body\">\n                <h2 class=\"title\">Projektowanie i dostawa tras kablowych<\/h2>\n            <\/div>\n            \n            <\/div><\/div>\t\t\t\t<\/div>\n\t\t\t\t<\/div>\n\t\t\t\t\t<\/div>\n\t\t<\/div>\n\t\t\t\t\t<\/div>\n\t\t<\/section>\n\t\t\t\t<section class=\"elementor-section elementor-inner-section elementor-element elementor-element-591d307 elementor-section-boxed elementor-section-height-default elementor-section-height-default\" data-id=\"591d307\" data-element_type=\"section\" data-e-type=\"section\">\n\t\t\t\t\t\t<div class=\"elementor-container elementor-column-gap-no\">\n\t\t\t\t\t<div class=\"elementor-column elementor-col-100 elementor-inner-column elementor-element elementor-element-c3941f9\" data-id=\"c3941f9\" data-element_type=\"column\" data-e-type=\"column\">\n\t\t\t<div class=\"elementor-widget-wrap elementor-element-populated\">\n\t\t\t\t\t\t<div class=\"elementor-element elementor-element-4abb2e7 elementor-widget elementor-widget-image\" data-id=\"4abb2e7\" data-element_type=\"widget\" data-e-type=\"widget\" data-widget_type=\"image.default\">\n\t\t\t\t<div class=\"elementor-widget-container\">\n\t\t\t\t\t\t\t\t\t\t\t\t\t\t\t<img decoding=\"async\" width=\"800\" height=\"400\" src=\"http:\/\/edrs.pl\/wp-content\/uploads\/2024\/04\/montaz-i-dostawa-instalacji-elektrycznych-1024x512.webp\" class=\"attachment-large size-large wp-image-556\" alt=\"\" srcset=\"http:\/\/edrs.pl\/wp-content\/uploads\/2024\/04\/montaz-i-dostawa-instalacji-elektrycznych-1024x512.webp 1024w, http:\/\/edrs.pl\/wp-content\/uploads\/2024\/04\/montaz-i-dostawa-instalacji-elektrycznych-300x150.webp 300w, http:\/\/edrs.pl\/wp-content\/uploads\/2024\/04\/montaz-i-dostawa-instalacji-elektrycznych-768x384.webp 768w, http:\/\/edrs.pl\/wp-content\/uploads\/2024\/04\/montaz-i-dostawa-instalacji-elektrycznych-1536x768.webp 1536w, http:\/\/edrs.pl\/wp-content\/uploads\/2024\/04\/montaz-i-dostawa-instalacji-elektrycznych.webp 2000w\" sizes=\"(max-width: 800px) 100vw, 800px\" \/>\t\t\t\t\t\t\t\t\t\t\t\t\t\t\t<\/div>\n\t\t\t\t<\/div>\n\t\t\t\t<div class=\"elementor-element elementor-element-648bafd elementor-widget__width-auto jkit-equal-height-disable elementor-widget elementor-widget-jkit_icon_box\" data-id=\"648bafd\" data-element_type=\"widget\" data-e-type=\"widget\" data-widget_type=\"jkit_icon_box.default\">\n\t\t\t\t<div class=\"elementor-widget-container\">\n\t\t\t\t\t<div  class=\"jeg-elementor-kit jkit-icon-box icon-position- elementor-animation- jeg_module__2_6a07fa2469dc7\" ><div class=\"jkit-icon-box-wrapper hover-from-left\"><div class=\"icon-box icon-box-body\">\n                <h2 class=\"title\">Monta\u017c i dostawa instalacji elektrycznych <\/h2>\n            <\/div>\n            \n            <\/div><\/div>\t\t\t\t<\/div>\n\t\t\t\t<\/div>\n\t\t\t\t\t<\/div>\n\t\t<\/div>\n\t\t\t\t\t<\/div>\n\t\t<\/section>\n\t\t\t\t<section class=\"elementor-section elementor-inner-section elementor-element elementor-element-8bb8837 elementor-section-boxed elementor-section-height-default elementor-section-height-default\" data-id=\"8bb8837\" data-element_type=\"section\" data-e-type=\"section\">\n\t\t\t\t\t\t<div class=\"elementor-container elementor-column-gap-no\">\n\t\t\t\t\t<div class=\"elementor-column elementor-col-100 elementor-inner-column elementor-element elementor-element-613fa4d\" data-id=\"613fa4d\" data-element_type=\"column\" data-e-type=\"column\">\n\t\t\t<div class=\"elementor-widget-wrap elementor-element-populated\">\n\t\t\t\t\t\t<div class=\"elementor-element elementor-element-7eddeb2 elementor-widget elementor-widget-image\" data-id=\"7eddeb2\" data-element_type=\"widget\" data-e-type=\"widget\" data-widget_type=\"image.default\">\n\t\t\t\t<div class=\"elementor-widget-container\">\n\t\t\t\t\t\t\t\t\t\t\t\t\t\t\t<img loading=\"lazy\" decoding=\"async\" width=\"800\" height=\"400\" src=\"http:\/\/edrs.pl\/wp-content\/uploads\/2024\/04\/serwis-gwarancyjny-i-pogwarancyjny-1024x512.webp\" class=\"attachment-large size-large wp-image-557\" alt=\"\" srcset=\"http:\/\/edrs.pl\/wp-content\/uploads\/2024\/04\/serwis-gwarancyjny-i-pogwarancyjny-1024x512.webp 1024w, http:\/\/edrs.pl\/wp-content\/uploads\/2024\/04\/serwis-gwarancyjny-i-pogwarancyjny-300x150.webp 300w, http:\/\/edrs.pl\/wp-content\/uploads\/2024\/04\/serwis-gwarancyjny-i-pogwarancyjny-768x384.webp 768w, http:\/\/edrs.pl\/wp-content\/uploads\/2024\/04\/serwis-gwarancyjny-i-pogwarancyjny-1536x768.webp 1536w, http:\/\/edrs.pl\/wp-content\/uploads\/2024\/04\/serwis-gwarancyjny-i-pogwarancyjny.webp 2000w\" sizes=\"(max-width: 800px) 100vw, 800px\" \/>\t\t\t\t\t\t\t\t\t\t\t\t\t\t\t<\/div>\n\t\t\t\t<\/div>\n\t\t\t\t<div class=\"elementor-element elementor-element-781f74c elementor-widget__width-auto jkit-equal-height-disable elementor-widget elementor-widget-jkit_icon_box\" data-id=\"781f74c\" data-element_type=\"widget\" data-e-type=\"widget\" data-widget_type=\"jkit_icon_box.default\">\n\t\t\t\t<div class=\"elementor-widget-container\">\n\t\t\t\t\t<div  class=\"jeg-elementor-kit jkit-icon-box icon-position- elementor-animation- jeg_module__3_6a07fa246a9c4\" ><div class=\"jkit-icon-box-wrapper hover-from-left\"><div class=\"icon-box icon-box-body\">\n                <h2 class=\"title\">Serwis gwarancyjny i pogwarancyjny<\/h2>\n            <\/div>\n            \n            <\/div><\/div>\t\t\t\t<\/div>\n\t\t\t\t<\/div>\n\t\t\t\t\t<\/div>\n\t\t<\/div>\n\t\t\t\t\t<\/div>\n\t\t<\/section>\n\t\t\t\t\t<\/div>\n\t\t<\/div>\n\t\t\t\t\t<\/div>\n\t\t<\/section>\n\t\t\t\t<section class=\"elementor-section elementor-top-section elementor-element elementor-element-5480963 elementor-section-boxed elementor-section-height-default elementor-section-height-default\" data-id=\"5480963\" data-element_type=\"section\" data-e-type=\"section\">\n\t\t\t\t\t\t<div class=\"elementor-container elementor-column-gap-default\">\n\t\t\t\t\t<div class=\"elementor-column elementor-col-100 elementor-top-column elementor-element elementor-element-297b04b\" data-id=\"297b04b\" data-element_type=\"column\" data-e-type=\"column\">\n\t\t\t<div class=\"elementor-widget-wrap elementor-element-populated\">\n\t\t\t\t\t\t<section class=\"elementor-section elementor-inner-section elementor-element elementor-element-7f1ac00 elementor-reverse-tablet elementor-reverse-mobile elementor-section-boxed elementor-section-height-default elementor-section-height-default\" data-id=\"7f1ac00\" data-element_type=\"section\" data-e-type=\"section\">\n\t\t\t\t\t\t<div class=\"elementor-container elementor-column-gap-no\">\n\t\t\t\t\t<div class=\"elementor-column elementor-col-50 elementor-inner-column elementor-element elementor-element-06653ca\" data-id=\"06653ca\" data-element_type=\"column\" data-e-type=\"column\">\n\t\t\t<div class=\"elementor-widget-wrap elementor-element-populated\">\n\t\t\t\t\t\t<div class=\"elementor-element elementor-element-6b40de2 elementor-widget__width-initial elementor-widget-mobile__width-inherit elementor-widget elementor-widget-jkit_pie_chart\" data-id=\"6b40de2\" data-element_type=\"widget\" data-e-type=\"widget\" data-widget_type=\"jkit_pie_chart.default\">\n\t\t\t\t<div class=\"elementor-widget-container\">\n\t\t\t\t\t<div  class=\"jeg-elementor-kit jkit-pie-chart style-static  jeg_module__4_6a07fa246c216\"  data-cutout=\"87\" data-percent=\"99\" data-color-type=\"normal\" data-color=\"#027F02\" data-bg-color=\"#F9F9F9\" data-gradient1=\"\" data-gradient2=\"\" data-animation-duration=\"3600\" data-content-type=\"percentage\"><div class=\"pie-chart-wrapper\">\n            <span class=\"pie-chart-content\">0%<\/span>\n            <canvas class=\"main-canvas\" height=\"150\" width=\"150\"><\/canvas>\n            <canvas class=\"background-canvas\" height=\"150\" width=\"150\"><\/canvas>\n        <\/div><h2 class=\"pie-chart-title\">Terminowo\u015b\u0107<\/h2><div class=\"pie-chart-description\"><p><\/p><\/div><\/div>\t\t\t\t<\/div>\n\t\t\t\t<\/div>\n\t\t\t\t<div class=\"elementor-element elementor-element-81af01d elementor-widget__width-initial elementor-widget-mobile__width-inherit elementor-widget elementor-widget-jkit_pie_chart\" data-id=\"81af01d\" data-element_type=\"widget\" data-e-type=\"widget\" data-widget_type=\"jkit_pie_chart.default\">\n\t\t\t\t<div class=\"elementor-widget-container\">\n\t\t\t\t\t<div  class=\"jeg-elementor-kit jkit-pie-chart style-static  jeg_module__5_6a07fa246cacc\"  data-cutout=\"87\" data-percent=\"90\" data-color-type=\"normal\" data-color=\"#027F02\" data-bg-color=\"#F9F9F9\" data-gradient1=\"\" data-gradient2=\"\" data-animation-duration=\"3600\" data-content-type=\"percentage\"><div class=\"pie-chart-wrapper\">\n            <span class=\"pie-chart-content\">0%<\/span>\n            <canvas class=\"main-canvas\" height=\"150\" width=\"150\"><\/canvas>\n            <canvas class=\"background-canvas\" height=\"150\" width=\"150\"><\/canvas>\n        <\/div><h2 class=\"pie-chart-title\">Profesjonalizm<\/h2><div class=\"pie-chart-description\"><p><\/p><\/div><\/div>\t\t\t\t<\/div>\n\t\t\t\t<\/div>\n\t\t\t\t<div class=\"elementor-element elementor-element-0dfe2bc elementor-widget__width-initial elementor-widget-mobile__width-inherit elementor-widget elementor-widget-jkit_pie_chart\" data-id=\"0dfe2bc\" data-element_type=\"widget\" data-e-type=\"widget\" data-widget_type=\"jkit_pie_chart.default\">\n\t\t\t\t<div class=\"elementor-widget-container\">\n\t\t\t\t\t<div  class=\"jeg-elementor-kit jkit-pie-chart style-static  jeg_module__6_6a07fa246d2b4\"  data-cutout=\"87\" data-percent=\"92\" data-color-type=\"normal\" data-color=\"#027F02\" data-bg-color=\"#F9F9F9\" data-gradient1=\"\" data-gradient2=\"\" data-animation-duration=\"3600\" data-content-type=\"percentage\"><div class=\"pie-chart-wrapper\">\n            <span class=\"pie-chart-content\">0%<\/span>\n            <canvas class=\"main-canvas\" height=\"150\" width=\"150\"><\/canvas>\n            <canvas class=\"background-canvas\" height=\"150\" width=\"150\"><\/canvas>\n        <\/div><h2 class=\"pie-chart-title\">Do\u015bwiadczenie<\/h2><div class=\"pie-chart-description\"><p><\/p><\/div><\/div>\t\t\t\t<\/div>\n\t\t\t\t<\/div>\n\t\t\t\t\t<\/div>\n\t\t<\/div>\n\t\t\t\t<div class=\"elementor-column elementor-col-50 elementor-inner-column elementor-element elementor-element-e9fc72c\" data-id=\"e9fc72c\" data-element_type=\"column\" data-e-type=\"column\">\n\t\t\t<div class=\"elementor-widget-wrap elementor-element-populated\">\n\t\t\t\t\t\t<div class=\"elementor-element elementor-element-5c60757 elementor-widget elementor-widget-heading\" data-id=\"5c60757\" data-element_type=\"widget\" data-e-type=\"widget\" data-widget_type=\"heading.default\">\n\t\t\t\t<div class=\"elementor-widget-container\">\n\t\t\t\t\t<h2 class=\"elementor-heading-title elementor-size-default\">Czym wyr\u00f3\u017cnia si\u0119 <br> EDR SYSTEM?<\/h2>\t\t\t\t<\/div>\n\t\t\t\t<\/div>\n\t\t\t\t<div class=\"elementor-element elementor-element-5a788bd elementor-widget elementor-widget-text-editor\" data-id=\"5a788bd\" data-element_type=\"widget\" data-e-type=\"widget\" data-widget_type=\"text-editor.default\">\n\t\t\t\t<div class=\"elementor-widget-container\">\n\t\t\t\t\t\t\t\t\t<p>EDR System wyr\u00f3\u017cnia si\u0119 kompleksowymi i profesjonalnymi us\u0142ugami w obszarze prac elektrycznych, zapewniaj\u0105c klientom efektywne rozwi\u0105zania i terminow\u0105 realizacj\u0119 projekt\u00f3w.<\/p>\t\t\t\t\t\t\t\t<\/div>\n\t\t\t\t<\/div>\n\t\t\t\t\t<\/div>\n\t\t<\/div>\n\t\t\t\t\t<\/div>\n\t\t<\/section>\n\t\t\t\t<div class=\"elementor-element elementor-element-a574c94 elementor-hidden-desktop elementor-hidden-tablet elementor-hidden-mobile elementor-widget elementor-widget-jkit_client_logo\" data-id=\"a574c94\" data-element_type=\"widget\" data-e-type=\"widget\" data-widget_type=\"jkit_client_logo.default\">\n\t\t\t\t<div class=\"elementor-widget-container\">\n\t\t\t\t\t<div  class=\"jeg-elementor-kit jkit-client-logo arrow-bottom-middle jeg_module__7_6a07fa2471451\"  data-id=\"jeg_module__7_6a07fa2471451\" data-settings=\"{&quot;autoplay&quot;:true,&quot;autoplay_speed&quot;:3500,&quot;autoplay_hover_pause&quot;:false,&quot;show_navigation&quot;:false,&quot;navigation_left&quot;:&quot;&lt;span&gt;&lt;svg aria-hidden=\\&quot;true\\&quot; class=\\&quot;e-font-icon-svg e-fas-angle-left\\&quot; viewBox=\\&quot;0 0 256 512\\&quot; xmlns=\\&quot;http:\\\/\\\/www.w3.org\\\/2000\\\/svg\\&quot;&gt;&lt;path d=\\&quot;M31.7 239l136-136c9.4-9.4 24.6-9.4 33.9 0l22.6 22.6c9.4 9.4 9.4 24.6 0 33.9L127.9 256l96.4 96.4c9.4 9.4 9.4 24.6 0 33.9L201.7 409c-9.4 9.4-24.6 9.4-33.9 0l-136-136c-9.5-9.4-9.5-24.6-.1-34z\\&quot;&gt;&lt;\\\/path&gt;&lt;\\\/svg&gt;&lt;\\\/span&gt;&quot;,&quot;navigation_right&quot;:&quot;&lt;span&gt;&lt;svg aria-hidden=\\&quot;true\\&quot; class=\\&quot;e-font-icon-svg e-fas-angle-right\\&quot; viewBox=\\&quot;0 0 256 512\\&quot; xmlns=\\&quot;http:\\\/\\\/www.w3.org\\\/2000\\\/svg\\&quot;&gt;&lt;path d=\\&quot;M224.3 273l-136 136c-9.4 9.4-24.6 9.4-33.9 0l-22.6-22.6c-9.4-9.4-9.4-24.6 0-33.9l96.4-96.4-96.4-96.4c-9.4-9.4-9.4-24.6 0-33.9L54.3 103c9.4-9.4 24.6-9.4 33.9 0l136 136c9.5 9.4 9.5 24.6.1 34z\\&quot;&gt;&lt;\\\/path&gt;&lt;\\\/svg&gt;&lt;\\\/span&gt;&quot;,&quot;show_dots&quot;:false,&quot;arrow_position&quot;:&quot;bottom&quot;,&quot;responsive&quot;:{&quot;desktop&quot;:{&quot;items&quot;:5,&quot;margin&quot;:100,&quot;breakpoint&quot;:1025},&quot;tablet&quot;:{&quot;items&quot;:5,&quot;margin&quot;:100,&quot;breakpoint&quot;:768},&quot;mobile&quot;:{&quot;items&quot;:2,&quot;margin&quot;:50,&quot;breakpoint&quot;:0}}}\"><div class=\"client-list\"><div class=\"client-track\"><div class=\"client-slider item \"><div class=\"image-list\"><div class=\"content-image\"><\/div><\/div><\/div><div class=\"client-slider item \"><div class=\"image-list\"><div class=\"content-image\"><\/div><\/div><\/div><div class=\"client-slider item \"><div class=\"image-list\"><div class=\"content-image\"><\/div><\/div><\/div><div class=\"client-slider item \"><div class=\"image-list\"><div class=\"content-image\"><\/div><\/div><\/div><div class=\"client-slider item \"><div class=\"image-list\"><div class=\"content-image\"><\/div><\/div><\/div><div class=\"client-slider item \"><div class=\"image-list\"><div class=\"content-image\"><\/div><\/div><\/div><\/div><\/div><\/div>\t\t\t\t<\/div>\n\t\t\t\t<\/div>\n\t\t\t\t\t<\/div>\n\t\t<\/div>\n\t\t\t\t\t<\/div>\n\t\t<\/section>\n\t\t\t\t<\/div>\n\t\t","protected":false},"excerpt":{"rendered":"<p>O Nas Strona G\u0142\u00f3wna O Nas O EDR SYSTEM Innowacyjne Rozwi\u0105zania w dziedzinie Elektryki. Jeste\u015bmy firm\u0105 elektryczn\u0105 specjalizuj\u0105c\u0105 si\u0119 w kompleksowym wykonawstwie instalacji elektrycznych, monta\u017cu a tak\u017ce uruchamianiu system\u00f3w AKPiA. Oferujemy rozwi\u0105zania \u201epod klucz&#8221;, pocz\u0105wszy od projektowania, poprzez dostawy, monta\u017c i rozruch urz\u0105dze\u0144 oraz kompletnych instalacji elektrycznych. Nasza firma \u015bwiadczy r\u00f3wnie\u017c us\u0142ugi w zakresie szkolenia [&hellip;]<\/p>\n","protected":false},"author":2,"featured_media":0,"parent":0,"menu_order":0,"comment_status":"closed","ping_status":"closed","template":"","meta":{"footnotes":""},"class_list":["post-110","page","type-page","status-publish","hentry"],"_links":{"self":[{"href":"https:\/\/edrs.pl\/index.php?rest_route=\/wp\/v2\/pages\/110","targetHints":{"allow":["GET"]}}],"collection":[{"href":"https:\/\/edrs.pl\/index.php?rest_route=\/wp\/v2\/pages"}],"about":[{"href":"https:\/\/edrs.pl\/index.php?rest_route=\/wp\/v2\/types\/page"}],"author":[{"embeddable":true,"href":"https:\/\/edrs.pl\/index.php?rest_route=\/wp\/v2\/users\/2"}],"replies":[{"embeddable":true,"href":"https:\/\/edrs.pl\/index.php?rest_route=%2Fwp%2Fv2%2Fcomments&post=110"}],"version-history":[{"count":52,"href":"https:\/\/edrs.pl\/index.php?rest_route=\/wp\/v2\/pages\/110\/revisions"}],"predecessor-version":[{"id":800,"href":"https:\/\/edrs.pl\/index.php?rest_route=\/wp\/v2\/pages\/110\/revisions\/800"}],"wp:attachment":[{"href":"https:\/\/edrs.pl\/index.php?rest_route=%2Fwp%2Fv2%2Fmedia&parent=110"}],"curies":[{"name":"wp","href":"https:\/\/api.w.org\/{rel}","templated":true}]}}